{"id":458,"date":"2025-11-12T10:46:58","date_gmt":"2025-11-12T15:46:58","guid":{"rendered":"https:\/\/motorentperu.com\/web\/?post_type=product&#038;p=458"},"modified":"2025-11-12T10:47:31","modified_gmt":"2025-11-12T15:47:31","slug":"huaraz-huaraz-chavin-chavin-lima","status":"publish","type":"product","link":"https:\/\/motorentperu.com\/web\/product\/huaraz-huaraz-chavin-chavin-lima\/","title":{"rendered":"Huaraz | Huaraz-Chavin | Chavin \u2013 Lima"},"content":{"rendered":"<p>First day: we head north, with Huaraz destination on the way we will enjoy a spectacular driving on a road in good condition and excellent curves with reduced traffic, crossing the different regions and heights, we will go through the Conococha lagoon, and then enter the famous callejon de huaylas<\/p>\n<p>Second day: after a nice night in Huraz, we will go to La Quebrada de Llanganuco (in Quechua ancashino: Llankanuku, &#8216;greenish interior&#8217;)? It is a high mountain gorge, 1 of glacial origin formed by the two linked lagoons: Orconcocha and Chinancocha, flanked by the Huascaran mountains, Huandoy, Pishqo, Chacraraju, Yanapaccha and Chopicalqui (Cordillera Blanca), the path of Mar\u00eda Josefa and La Quebrada Demand, forming part of the Huascar\u00e1n National Park and the Huascar\u00e1n Biosphere Reserve, located in the Ancash province of Yungay in Peru. It is an unforgettable experience After spending a beautiful morning in this lagoon we will go to the mysterious city of Chavin de Huantar<\/p>\n<p>Third day: We will visit the archaeological complex of Chavin de Huantar, declared a World Heritage Site, where we will be able to appreciate the famous monolithic lanzon, the mysterious heads, and the archaeological complex, after a tour through Chavin we will return to the city of Lima<\/p>\n<p><b>TRAVEL<\/b>: Track: 85% | Earth: 15%<\/p>\n<p><b>DISTANCE<\/b>: 1200 km<\/p>\n<p><b>HANDLING LEVEL<\/b>: INTERMEDIATE \/ ADVANCED<\/p>\n","protected":false},"excerpt":{"rendered":"<p><iframe style=\"border: 0;\" src=\"https:\/\/www.google.com\/maps\/embed?pb=!1m46!1m12!1m3!1d2007884.3120081564!2d-78.51119100970779!3d-10.606588132458738!2m3!1f0!2f0!3f0!3m2!1i1024!2i768!4f13.1!4m31!3e0!4m5!1s0x9105b875394f9e21%3A0x2fc1431693d2759!2sSantiago+de+Surco!3m2!1d-12.1416088!2d-76.9918155!4m5!1s0x91a90d0e2fd69969%3A0x89950cf26668d6be!2zSHVhcmF6LCDDgW5jYXNo!3m2!1d-9.5261154!2d-77.5287792!4m5!1s0x91a94958991c5b6b%3A0x32681564db43a9ba!2sQuebrada+de+Llanganuco%2C+Provincia+de+Yungay!3m2!1d-9.067499999999999!2d-77.63805599999999!4m5!1s0x91a901ad97b2049d%3A0x3932a07608e02eae!2zQ2hhdsOtbiBkZSBIdWFudGFyLCDDgW5jYXNo!3m2!1d-9.5954724!2d-77.17583599999999!4m5!1s0x9105b875394f9e21%3A0x2fc1431693d2759!2sSurco!3m2!1d-12.1416088!2d-76.9918155!5e0!3m2!1ses!2spe!4v1485187815802\" width=\"600\" height=\"450\" frameborder=\"0\" allowfullscreen=\"allowfullscreen\"><span data-mce-type=\"bookmark\" style=\"display: inline-block; width: 0px; overflow: hidden; line-height: 0;\" class=\"mce_SELRES_start\">\ufeff<\/span><\/iframe><\/p>\n","protected":false},"featured_media":462,"comment_status":"open","ping_status":"closed","template":"","meta":{"_acf_changed":false},"product_brand":[],"product_cat":[43],"product_tag":[],"class_list":{"0":"post-458","1":"product","2":"type-product","3":"status-publish","4":"has-post-thumbnail","6":"product_cat-routes","8":"first","9":"instock","10":"shipping-taxable","11":"product-type-simple"},"acf":[],"jetpack_sharing_enabled":true,"_links":{"self":[{"href":"https:\/\/motorentperu.com\/web\/wp-json\/wp\/v2\/product\/458","targetHints":{"allow":["GET"]}}],"collection":[{"href":"https:\/\/motorentperu.com\/web\/wp-json\/wp\/v2\/product"}],"about":[{"href":"https:\/\/motorentperu.com\/web\/wp-json\/wp\/v2\/types\/product"}],"replies":[{"embeddable":true,"href":"https:\/\/motorentperu.com\/web\/wp-json\/wp\/v2\/comments?post=458"}],"wp:featuredmedia":[{"embeddable":true,"href":"https:\/\/motorentperu.com\/web\/wp-json\/wp\/v2\/media\/462"}],"wp:attachment":[{"href":"https:\/\/motorentperu.com\/web\/wp-json\/wp\/v2\/media?parent=458"}],"wp:term":[{"taxonomy":"product_brand","embeddable":true,"href":"https:\/\/motorentperu.com\/web\/wp-json\/wp\/v2\/product_brand?post=458"},{"taxonomy":"product_cat","embeddable":true,"href":"https:\/\/motorentperu.com\/web\/wp-json\/wp\/v2\/product_cat?post=458"},{"taxonomy":"product_tag","embeddable":true,"href":"https:\/\/motorentperu.com\/web\/wp-json\/wp\/v2\/product_tag?post=458"}],"curies":[{"name":"wp","href":"https:\/\/api.w.org\/{rel}","templated":true}]}}